{"id":13,"date":"2024-12-12T01:07:34","date_gmt":"2024-12-12T01:07:34","guid":{"rendered":"https:\/\/socialnet.com.ve\/?page_id=13"},"modified":"2025-02-23T13:04:01","modified_gmt":"2025-02-23T17:04:01","slug":"quienes-somos","status":"publish","type":"page","link":"https:\/\/socialnet.com.ve\/index.php\/quienes-somos\/","title":{"rendered":"Qui\u00e9nes somos"},"content":{"rendered":"\n<div class=\"wp-block-media-text is-stacked-on-mobile\"><figure class=\"wp-block-media-text__media\"><img loading=\"lazy\" decoding=\"async\" width=\"1024\" height=\"1024\" src=\"https:\/\/socialnet.com.ve\/wp-content\/uploads\/2025\/01\/1.png\" alt=\"\" class=\"wp-image-140 size-full\" srcset=\"https:\/\/socialnet.com.ve\/wp-content\/uploads\/2025\/01\/1.png 1024w, https:\/\/socialnet.com.ve\/wp-content\/uploads\/2025\/01\/1-300x300.png 300w, https:\/\/socialnet.com.ve\/wp-content\/uploads\/2025\/01\/1-150x150.png 150w, https:\/\/socialnet.com.ve\/wp-content\/uploads\/2025\/01\/1-768x768.png 768w\" sizes=\"auto, (max-width: 1024px) 100vw, 1024px\" \/><\/figure><div class=\"wp-block-media-text__content\">\n<p>Kemberlin Barrera<br>Presidente<br>Publicidad<\/p>\n<\/div><\/div>\n\n\n\n<div class=\"wp-block-media-text has-media-on-the-right is-stacked-on-mobile\"><div class=\"wp-block-media-text__content\">\n<p>Stefany Velasco<br>Vice Presidente<br>Publicidad<\/p>\n<\/div><figure class=\"wp-block-media-text__media\"><img loading=\"lazy\" decoding=\"async\" width=\"1024\" height=\"1024\" src=\"https:\/\/socialnet.com.ve\/wp-content\/uploads\/2024\/12\/2.png\" alt=\"\" class=\"wp-image-72 size-full\" srcset=\"https:\/\/socialnet.com.ve\/wp-content\/uploads\/2024\/12\/2.png 1024w, https:\/\/socialnet.com.ve\/wp-content\/uploads\/2024\/12\/2-300x300.png 300w, https:\/\/socialnet.com.ve\/wp-content\/uploads\/2024\/12\/2-150x150.png 150w, https:\/\/socialnet.com.ve\/wp-content\/uploads\/2024\/12\/2-768x768.png 768w\" sizes=\"auto, (max-width: 1024px) 100vw, 1024px\" \/><\/figure><\/div>\n\n\n\n<div class=\"wp-block-media-text is-stacked-on-mobile\"><figure class=\"wp-block-media-text__media\"><img loading=\"lazy\" decoding=\"async\" width=\"1024\" height=\"1024\" src=\"https:\/\/socialnet.com.ve\/wp-content\/uploads\/2024\/12\/3.png\" alt=\"\" class=\"wp-image-73 size-full\" srcset=\"https:\/\/socialnet.com.ve\/wp-content\/uploads\/2024\/12\/3.png 1024w, https:\/\/socialnet.com.ve\/wp-content\/uploads\/2024\/12\/3-300x300.png 300w, https:\/\/socialnet.com.ve\/wp-content\/uploads\/2024\/12\/3-150x150.png 150w, https:\/\/socialnet.com.ve\/wp-content\/uploads\/2024\/12\/3-768x768.png 768w\" sizes=\"auto, (max-width: 1024px) 100vw, 1024px\" \/><\/figure><div class=\"wp-block-media-text__content\">\n<p>Yorbelis Gulfo<br>Secretaria General<br>Publicidad<\/p>\n<\/div><\/div>\n\n\n\n<div class=\"wp-block-media-text has-media-on-the-right is-stacked-on-mobile\"><div class=\"wp-block-media-text__content\">\n<p>Daniela P\u00e9rez<br>Gesti\u00f3n de RRSS<br>Publicidad<\/p>\n<\/div><figure class=\"wp-block-media-text__media\"><img loading=\"lazy\" decoding=\"async\" width=\"1024\" height=\"1024\" src=\"https:\/\/socialnet.com.ve\/wp-content\/uploads\/2025\/01\/4.png\" alt=\"\" class=\"wp-image-141 size-full\" srcset=\"https:\/\/socialnet.com.ve\/wp-content\/uploads\/2025\/01\/4.png 1024w, https:\/\/socialnet.com.ve\/wp-content\/uploads\/2025\/01\/4-300x300.png 300w, https:\/\/socialnet.com.ve\/wp-content\/uploads\/2025\/01\/4-150x150.png 150w, https:\/\/socialnet.com.ve\/wp-content\/uploads\/2025\/01\/4-768x768.png 768w\" sizes=\"auto, (max-width: 1024px) 100vw, 1024px\" \/><\/figure><\/div>\n\n\n\n<div class=\"wp-block-media-text is-stacked-on-mobile\"><figure class=\"wp-block-media-text__media\"><img loading=\"lazy\" decoding=\"async\" width=\"1024\" height=\"1024\" src=\"https:\/\/socialnet.com.ve\/wp-content\/uploads\/2024\/12\/5.png\" alt=\"\" class=\"wp-image-75 size-full\" srcset=\"https:\/\/socialnet.com.ve\/wp-content\/uploads\/2024\/12\/5.png 1024w, https:\/\/socialnet.com.ve\/wp-content\/uploads\/2024\/12\/5-300x300.png 300w, https:\/\/socialnet.com.ve\/wp-content\/uploads\/2024\/12\/5-150x150.png 150w, https:\/\/socialnet.com.ve\/wp-content\/uploads\/2024\/12\/5-768x768.png 768w\" sizes=\"auto, (max-width: 1024px) 100vw, 1024px\" \/><\/figure><div class=\"wp-block-media-text__content\">\n<p>Arianny Galarza<br>Gesti\u00f3n de planificaci\u00f3n<br>Comercio Internacional<\/p>\n<\/div><\/div>\n\n\n\n<div class=\"wp-block-media-text has-media-on-the-right is-stacked-on-mobile\"><div class=\"wp-block-media-text__content\">\n<p>Juliet Figuera<br>Gesti\u00f3n de TI<br>Ing. Inform\u00e1tica<\/p>\n<\/div><figure class=\"wp-block-media-text__media\"><img loading=\"lazy\" decoding=\"async\" width=\"1024\" height=\"1024\" src=\"https:\/\/socialnet.com.ve\/wp-content\/uploads\/2024\/12\/6.png\" alt=\"\" class=\"wp-image-76 size-full\" srcset=\"https:\/\/socialnet.com.ve\/wp-content\/uploads\/2024\/12\/6.png 1024w, https:\/\/socialnet.com.ve\/wp-content\/uploads\/2024\/12\/6-300x300.png 300w, https:\/\/socialnet.com.ve\/wp-content\/uploads\/2024\/12\/6-150x150.png 150w, https:\/\/socialnet.com.ve\/wp-content\/uploads\/2024\/12\/6-768x768.png 768w\" sizes=\"auto, (max-width: 1024px) 100vw, 1024px\" \/><\/figure><\/div>\n\n\n\n<div class=\"wp-block-media-text is-stacked-on-mobile\"><figure class=\"wp-block-media-text__media\"><img loading=\"lazy\" decoding=\"async\" width=\"1024\" height=\"1024\" src=\"https:\/\/socialnet.com.ve\/wp-content\/uploads\/2025\/01\/7.png\" alt=\"\" class=\"wp-image-142 size-full\" srcset=\"https:\/\/socialnet.com.ve\/wp-content\/uploads\/2025\/01\/7.png 1024w, https:\/\/socialnet.com.ve\/wp-content\/uploads\/2025\/01\/7-300x300.png 300w, https:\/\/socialnet.com.ve\/wp-content\/uploads\/2025\/01\/7-150x150.png 150w, https:\/\/socialnet.com.ve\/wp-content\/uploads\/2025\/01\/7-768x768.png 768w\" sizes=\"auto, (max-width: 1024px) 100vw, 1024px\" \/><\/figure><div class=\"wp-block-media-text__content\">\n<p>Oriana Molina<br>Producci\u00f3n audiovisual<br><span style=\"background-color: var(--wp--preset--color--background); color: var(--wp--preset--color--body-text); font-family: var(--wp--preset--font-family--open-sans); font-size: var(--wp--preset--font-size--normal);\">Publicidad&nbsp;<\/span><\/p>\n<\/div><\/div>\n\n\n\n<div class=\"wp-block-media-text has-media-on-the-right is-stacked-on-mobile\"><div class=\"wp-block-media-text__content\">\n<p>Joykert Silva<br>Apoyo de gesti\u00f3n<br>Contadur\u00eda P\u00fablica&nbsp;<\/p>\n<\/div><figure class=\"wp-block-media-text__media\"><img loading=\"lazy\" decoding=\"async\" width=\"1024\" height=\"1024\" src=\"https:\/\/socialnet.com.ve\/wp-content\/uploads\/2024\/12\/8.png\" alt=\"\" class=\"wp-image-78 size-full\" srcset=\"https:\/\/socialnet.com.ve\/wp-content\/uploads\/2024\/12\/8.png 1024w, https:\/\/socialnet.com.ve\/wp-content\/uploads\/2024\/12\/8-300x300.png 300w, https:\/\/socialnet.com.ve\/wp-content\/uploads\/2024\/12\/8-150x150.png 150w, https:\/\/socialnet.com.ve\/wp-content\/uploads\/2024\/12\/8-768x768.png 768w\" sizes=\"auto, (max-width: 1024px) 100vw, 1024px\" \/><\/figure><\/div>\n\n\n\n<div class=\"wp-block-media-text is-stacked-on-mobile\"><figure class=\"wp-block-media-text__media\"><img loading=\"lazy\" decoding=\"async\" width=\"1024\" height=\"1024\" src=\"https:\/\/socialnet.com.ve\/wp-content\/uploads\/2024\/12\/9.png\" alt=\"\" class=\"wp-image-79 size-full\" srcset=\"https:\/\/socialnet.com.ve\/wp-content\/uploads\/2024\/12\/9.png 1024w, https:\/\/socialnet.com.ve\/wp-content\/uploads\/2024\/12\/9-300x300.png 300w, https:\/\/socialnet.com.ve\/wp-content\/uploads\/2024\/12\/9-150x150.png 150w, https:\/\/socialnet.com.ve\/wp-content\/uploads\/2024\/12\/9-768x768.png 768w\" sizes=\"auto, (max-width: 1024px) 100vw, 1024px\" \/><\/figure><div class=\"wp-block-media-text__content\">\n<p>Gabriel L\u00f3pez<br>Gesti\u00f3n de RRSS<br>Comercio internacional&nbsp;<\/p>\n<\/div><\/div>\n\n\n\n<div class=\"wp-block-media-text has-media-on-the-right is-stacked-on-mobile\"><div class=\"wp-block-media-text__content\">\n<p>Vincenzo Sonnessa<br>Producci\u00f3n audiovisual<br>Comercio Internacional<\/p>\n<\/div><figure class=\"wp-block-media-text__media\"><img loading=\"lazy\" decoding=\"async\" width=\"1024\" height=\"1024\" src=\"https:\/\/socialnet.com.ve\/wp-content\/uploads\/2024\/12\/10.png\" alt=\"\" class=\"wp-image-80 size-full\" srcset=\"https:\/\/socialnet.com.ve\/wp-content\/uploads\/2024\/12\/10.png 1024w, https:\/\/socialnet.com.ve\/wp-content\/uploads\/2024\/12\/10-300x300.png 300w, https:\/\/socialnet.com.ve\/wp-content\/uploads\/2024\/12\/10-150x150.png 150w, https:\/\/socialnet.com.ve\/wp-content\/uploads\/2024\/12\/10-768x768.png 768w\" sizes=\"auto, (max-width: 1024px) 100vw, 1024px\" \/><\/figure><\/div>\n\n\n\n<div class=\"wp-block-media-text is-stacked-on-mobile\"><figure class=\"wp-block-media-text__media\"><img loading=\"lazy\" decoding=\"async\" width=\"1024\" height=\"1024\" src=\"https:\/\/socialnet.com.ve\/wp-content\/uploads\/2024\/12\/11.png\" alt=\"\" class=\"wp-image-81 size-full\" srcset=\"https:\/\/socialnet.com.ve\/wp-content\/uploads\/2024\/12\/11.png 1024w, https:\/\/socialnet.com.ve\/wp-content\/uploads\/2024\/12\/11-300x300.png 300w, https:\/\/socialnet.com.ve\/wp-content\/uploads\/2024\/12\/11-150x150.png 150w, https:\/\/socialnet.com.ve\/wp-content\/uploads\/2024\/12\/11-768x768.png 768w\" sizes=\"auto, (max-width: 1024px) 100vw, 1024px\" \/><\/figure><div class=\"wp-block-media-text__content\">\n<p>Miguel Gonz\u00e1lez<br>Gesti\u00f3n de planificaci\u00f3n<br>Publicidad<\/p>\n<\/div><\/div>\n\n\n\n<div class=\"wp-block-media-text has-media-on-the-right is-stacked-on-mobile\"><div class=\"wp-block-media-text__content\">\n<p>Carlos Gonzalez<br>Gesti\u00f3n de TI<br>Ing. Mantenimiento de Obra<\/p>\n<\/div><figure class=\"wp-block-media-text__media\"><img loading=\"lazy\" decoding=\"async\" width=\"1024\" height=\"1024\" src=\"https:\/\/socialnet.com.ve\/wp-content\/uploads\/2024\/12\/13.png\" alt=\"\" class=\"wp-image-82 size-full\" srcset=\"https:\/\/socialnet.com.ve\/wp-content\/uploads\/2024\/12\/13.png 1024w, https:\/\/socialnet.com.ve\/wp-content\/uploads\/2024\/12\/13-300x300.png 300w, https:\/\/socialnet.com.ve\/wp-content\/uploads\/2024\/12\/13-150x150.png 150w, https:\/\/socialnet.com.ve\/wp-content\/uploads\/2024\/12\/13-768x768.png 768w\" sizes=\"auto, (max-width: 1024px) 100vw, 1024px\" \/><\/figure><\/div>\n\n\n\n<div class=\"wp-block-media-text is-stacked-on-mobile\"><figure class=\"wp-block-media-text__media\"><img loading=\"lazy\" decoding=\"async\" width=\"1024\" height=\"1024\" src=\"https:\/\/socialnet.com.ve\/wp-content\/uploads\/2024\/12\/12.png\" alt=\"\" class=\"wp-image-83 size-full\" srcset=\"https:\/\/socialnet.com.ve\/wp-content\/uploads\/2024\/12\/12.png 1024w, https:\/\/socialnet.com.ve\/wp-content\/uploads\/2024\/12\/12-300x300.png 300w, https:\/\/socialnet.com.ve\/wp-content\/uploads\/2024\/12\/12-150x150.png 150w, https:\/\/socialnet.com.ve\/wp-content\/uploads\/2024\/12\/12-768x768.png 768w\" sizes=\"auto, (max-width: 1024px) 100vw, 1024px\" \/><\/figure><div class=\"wp-block-media-text__content\">\n<p>Jeffrey Gonz\u00e1lez<br>Coordinador TI<br>Ing. Inform\u00e1tica<\/p>\n<\/div><\/div>\n","protected":false},"excerpt":{"rendered":"<p>Kemberlin BarreraPresidentePublicidad Stefany VelascoVice PresidentePublicidad Yorbelis GulfoSecretaria GeneralPublicidad Daniela P\u00e9rezGesti\u00f3n de RRSSPublicidad Arianny GalarzaGesti\u00f3n de planificaci\u00f3nComercio Internacional Juliet FigueraGesti\u00f3n de TIIng. Inform\u00e1tica Oriana MolinaProducci\u00f3n audiovisualPublicidad&nbsp; Joykert SilvaApoyo de gesti\u00f3nContadur\u00eda P\u00fablica&nbsp; Gabriel L\u00f3pezGesti\u00f3n de RRSSComercio internacional&nbsp; Vincenzo SonnessaProducci\u00f3n audiovisualComercio Internacional Miguel Gonz\u00e1lezGesti\u00f3n de planificaci\u00f3nPublicidad Carlos GonzalezGesti\u00f3n de TIIng. Mantenimiento de Obra Jeffrey Gonz\u00e1lezCoordinador TIIng. Inform\u00e1tica<\/p>\n","protected":false},"author":1,"featured_media":91,"parent":0,"menu_order":0,"comment_status":"closed","ping_status":"closed","template":"","meta":{"footnotes":""},"class_list":["post-13","page","type-page","status-publish","has-post-thumbnail","hentry"],"jetpack_sharing_enabled":true,"_links":{"self":[{"href":"https:\/\/socialnet.com.ve\/index.php\/wp-json\/wp\/v2\/pages\/13","targetHints":{"allow":["GET"]}}],"collection":[{"href":"https:\/\/socialnet.com.ve\/index.php\/wp-json\/wp\/v2\/pages"}],"about":[{"href":"https:\/\/socialnet.com.ve\/index.php\/wp-json\/wp\/v2\/types\/page"}],"author":[{"embeddable":true,"href":"https:\/\/socialnet.com.ve\/index.php\/wp-json\/wp\/v2\/users\/1"}],"replies":[{"embeddable":true,"href":"https:\/\/socialnet.com.ve\/index.php\/wp-json\/wp\/v2\/comments?post=13"}],"version-history":[{"count":33,"href":"https:\/\/socialnet.com.ve\/index.php\/wp-json\/wp\/v2\/pages\/13\/revisions"}],"predecessor-version":[{"id":172,"href":"https:\/\/socialnet.com.ve\/index.php\/wp-json\/wp\/v2\/pages\/13\/revisions\/172"}],"wp:featuredmedia":[{"embeddable":true,"href":"https:\/\/socialnet.com.ve\/index.php\/wp-json\/wp\/v2\/media\/91"}],"wp:attachment":[{"href":"https:\/\/socialnet.com.ve\/index.php\/wp-json\/wp\/v2\/media?parent=13"}],"curies":[{"name":"wp","href":"https:\/\/api.w.org\/{rel}","templated":true}]}}