{"id":94,"date":"2024-12-16T03:54:49","date_gmt":"2024-12-16T03:54:49","guid":{"rendered":"https:\/\/socialnet.com.ve\/?page_id=94"},"modified":"2025-01-13T20:34:23","modified_gmt":"2025-01-14T00:34:23","slug":"que-nos-define","status":"publish","type":"page","link":"https:\/\/socialnet.com.ve\/index.php\/que-nos-define\/","title":{"rendered":"Qu\u00e9 nos define"},"content":{"rendered":"\n<figure class=\"wp-block-pullquote has-text-align-center\"><blockquote><p>Misi\u00f3n<\/p><cite>Crear un espacio para que los estudiantes universitarios exploren el uso responsable y estrat\u00e9gico de las redes sociales y aplicaciones, adquieran las herramientas y conocimientos necesarios para desenvolverse con \u00e9xito en el mundo digital e impulsen la colaboraci\u00f3n interdisciplinaria, integrando a estudiantes de todas las carreras de la universidad para desarrollar proyectos innovadores y factibles que contribuyan a la mejora de la universidad y su comunidad.<\/cite><\/blockquote><\/figure>\n\n\n\n<figure class=\"wp-block-pullquote\"><blockquote><p>Visi\u00f3n<\/p><cite>Ser el club universitario l\u00edder en el aprendizaje pr\u00e1ctico de las redes sociales, aplicaciones y tecnolog\u00eda, reconocido por su comunidad activa, innovadora y comprometida con el desarrollo profesional de sus miembros y con la generaci\u00f3n de un impacto positivo en la universidad a trav\u00e9s de proyectos factibles.<\/cite><\/blockquote><\/figure>\n\n\n\n<p class=\"has-text-align-center\"><strong>Valores<\/strong><\/p>\n\n\n\n<ul class=\"wp-block-list\">\n<li>Responsabilidad: Promover el uso responsable y \u00e9tico de las redes sociales y aplicaciones.<\/li>\n\n\n\n<li>Innovaci\u00f3n: Fomentar la creatividad y la b\u00fasqueda de nuevas soluciones en el \u00e1mbito digital.<\/li>\n\n\n\n<li>Colaboraci\u00f3n: Trabajar en equipo para lograr objetivos comunes.<\/li>\n\n\n\n<li>Compromiso: Apoyar el desarrollo profesional de los miembros del club.<\/li>\n\n\n\n<li>Excelencia: Buscar la mejora continua en todas las actividades del club.<\/li>\n<\/ul>\n","protected":false},"excerpt":{"rendered":"<p>Misi\u00f3n Crear un espacio para que los estudiantes universitarios exploren el uso responsable y estrat\u00e9gico de las redes sociales y aplicaciones, adquieran las herramientas y conocimientos necesarios para desenvolverse con \u00e9xito en el mundo digital e impulsen la colaboraci\u00f3n interdisciplinaria, integrando a estudiantes de todas las carreras de la universidad para desarrollar proyectos innovadores y [&hellip;]<\/p>\n","protected":false},"author":1,"featured_media":91,"parent":0,"menu_order":0,"comment_status":"closed","ping_status":"closed","template":"","meta":{"footnotes":""},"class_list":["post-94","page","type-page","status-publish","has-post-thumbnail","hentry"],"jetpack_sharing_enabled":true,"_links":{"self":[{"href":"https:\/\/socialnet.com.ve\/index.php\/wp-json\/wp\/v2\/pages\/94","targetHints":{"allow":["GET"]}}],"collection":[{"href":"https:\/\/socialnet.com.ve\/index.php\/wp-json\/wp\/v2\/pages"}],"about":[{"href":"https:\/\/socialnet.com.ve\/index.php\/wp-json\/wp\/v2\/types\/page"}],"author":[{"embeddable":true,"href":"https:\/\/socialnet.com.ve\/index.php\/wp-json\/wp\/v2\/users\/1"}],"replies":[{"embeddable":true,"href":"https:\/\/socialnet.com.ve\/index.php\/wp-json\/wp\/v2\/comments?post=94"}],"version-history":[{"count":6,"href":"https:\/\/socialnet.com.ve\/index.php\/wp-json\/wp\/v2\/pages\/94\/revisions"}],"predecessor-version":[{"id":110,"href":"https:\/\/socialnet.com.ve\/index.php\/wp-json\/wp\/v2\/pages\/94\/revisions\/110"}],"wp:featuredmedia":[{"embeddable":true,"href":"https:\/\/socialnet.com.ve\/index.php\/wp-json\/wp\/v2\/media\/91"}],"wp:attachment":[{"href":"https:\/\/socialnet.com.ve\/index.php\/wp-json\/wp\/v2\/media?parent=94"}],"curies":[{"name":"wp","href":"https:\/\/api.w.org\/{rel}","templated":true}]}}